{"id":508,"date":"2020-02-19T13:37:41","date_gmt":"2020-02-19T13:37:41","guid":{"rendered":"https:\/\/birthrightwestchester.org\/preguntas-frecuentes\/"},"modified":"2022-11-24T09:06:08","modified_gmt":"2022-11-24T09:06:08","slug":"preguntas-frecuentes","status":"publish","type":"page","link":"https:\/\/birthrightwestchester.org\/es\/preguntas-frecuentes\/","title":{"rendered":"PREGUNTAS FRECUENTES"},"content":{"rendered":"<p>Las preguntas merecen respuestas, y nosotros las tenemos.<\/p>\n<h2>\u00bfCu\u00e1les son los primeros s\u00edntomas del embarazo?<\/h2>\n<p>Si cree que puede estar embarazada, puede experimentar signos y s\u00edntomas como los siguientes<\/p>\n<ul>\n<li>Per\u00edodo perdido<\/li>\n<li>N\u00e1useas\/v\u00f3mitos<\/li>\n<li>Pechos tiernos<\/li>\n<li>Orinar con frecuencia<\/li>\n<li>Fatiga<\/li>\n<\/ul>\n<p>Aunque estos son algunos de los primeros s\u00edntomas del embarazo, es posible que experimentes otros signos o casi ninguno. Es \u00fatil confirmarlo con una prueba de embarazo de grado m\u00e9dico y una ecograf\u00eda para saberlo con seguridad.<\/p>\n<h2>\u00bfD\u00f3nde puedo conseguir una prueba de embarazo gratuita?<\/h2>\n<p>\u00a1Aqu\u00ed! En Birthright of West Chester, ofrecemos pruebas de embarazo gratuitas para sus necesidades y conveniencia. Programe con nosotros hoy mismo y perm\u00edtanos ser un o\u00eddo atento y una red de apoyo y compasi\u00f3n en la que puede confiar.<\/p>\n<h2>\u00bfPor qu\u00e9 necesito otra prueba de embarazo?<\/h2>\n<p>Recibir una prueba de embarazo de calidad de laboratorio administrada por profesionales puede ser \u00fatil para confirmar un embarazo. Muchas veces las pruebas de embarazo caseras pueden proporcionar resultados inexactos debido a factores como:<\/p>\n<ul>\n<li>Una prueba defectuosa<\/li>\n<li>Error del usuario<\/li>\n<li>Pruebas demasiado tempranas<\/li>\n<li>Medicamentos que toma actualmente<\/li>\n<\/ul>\n<h2>\u00bfQu\u00e9 necesito para mi cita?<\/h2>\n<p>Por favor, no dude en reunir cualquier pregunta o inquietud que desee discutir, para que podamos servirle mejor. Sin embargo, sepa que es bienvenido tal y como es, \u00a1y que no es necesaria ninguna preparaci\u00f3n!<\/p>\n<h2>\u00bfPuedo llevar a alguien a mi cita?<\/h2>\n<p>Por supuesto. Queremos que se sienta c\u00f3modo y apoyado. Si tienes un invitado que quiera unirse, por favor tr\u00e1elo. Por lo dem\u00e1s, sepa que estamos aqu\u00ed para usted y que se le apoyar\u00e1 independientemente de que tenga o no a alguien con usted.<\/p>\n<h2>\u00bfSon gratuitas todas las citas y servicios?<\/h2>\n<p>\u00a1S\u00ed! Todas las citas y nuestros servicios son gratuitos y confidenciales. No se le cobrar\u00e1 nada de lo que se le proporcione aqu\u00ed.<\/p>\n<h2>\u00bfNecesito un seguro?<\/h2>\n<p>No, el seguro no es necesario para recibir una cita, nuestros servicios o atenci\u00f3n.<\/p>\n","protected":false},"excerpt":{"rendered":"<p>Las preguntas merecen respuestas, y nosotros las tenemos. \u00bfCu\u00e1les son los primeros s\u00edntomas del embarazo? Si cree que puede estar embarazada, puede experimentar signos y s\u00edntomas como los siguientes Per\u00edodo perdido N\u00e1useas\/v\u00f3mitos Pechos tiernos Orinar con frecuencia Fatiga Aunque estos son algunos de los primeros s\u00edntomas del embarazo, es posible que experimentes otros signos o<\/p>\n","protected":false},"author":1,"featured_media":0,"parent":0,"menu_order":0,"comment_status":"closed","ping_status":"closed","template":"","meta":{"_acf_changed":false,"footnotes":""},"class_list":["post-508","page","type-page","status-publish","hentry"],"acf":[],"yoast_head":"<!-- This site is optimized with the Yoast SEO plugin v27.4 - https:\/\/yoast.com\/product\/yoast-seo-wordpress\/ -->\n<title>PREGUNTAS FRECUENTES - Birthright of West Chester<\/title>\n<meta name=\"robots\" content=\"index, follow, max-snippet:-1, max-image-preview:large, max-video-preview:-1\" \/>\n<link rel=\"canonical\" href=\"https:\/\/birthrightwestchester.org\/es\/preguntas-frecuentes\/\" \/>\n<meta property=\"og:locale\" content=\"es_ES\" \/>\n<meta property=\"og:type\" content=\"article\" \/>\n<meta property=\"og:title\" content=\"PREGUNTAS FRECUENTES - Birthright of West Chester\" \/>\n<meta property=\"og:description\" content=\"Las preguntas merecen respuestas, y nosotros las tenemos. \u00bfCu\u00e1les son los primeros s\u00edntomas del embarazo? Si cree que puede estar embarazada, puede experimentar signos y s\u00edntomas como los siguientes Per\u00edodo perdido N\u00e1useas\/v\u00f3mitos Pechos tiernos Orinar con frecuencia Fatiga Aunque estos son algunos de los primeros s\u00edntomas del embarazo, es posible que experimentes otros signos o\" \/>\n<meta property=\"og:url\" content=\"https:\/\/birthrightwestchester.org\/es\/preguntas-frecuentes\/\" \/>\n<meta property=\"og:site_name\" content=\"Birthright of West Chester\" \/>\n<meta property=\"article:modified_time\" content=\"2022-11-24T09:06:08+00:00\" \/>\n<meta name=\"twitter:card\" content=\"summary_large_image\" \/>\n<meta name=\"twitter:label1\" content=\"Est. reading time\" \/>\n\t<meta name=\"twitter:data1\" content=\"2 minutos\" \/>\n<!-- \/ Yoast SEO plugin. -->","yoast_head_json":{"title":"PREGUNTAS FRECUENTES - Birthright of West Chester","robots":{"index":"index","follow":"follow","max-snippet":"max-snippet:-1","max-image-preview":"max-image-preview:large","max-video-preview":"max-video-preview:-1"},"canonical":"https:\/\/birthrightwestchester.org\/es\/preguntas-frecuentes\/","og_locale":"es_ES","og_type":"article","og_title":"PREGUNTAS FRECUENTES - Birthright of West Chester","og_description":"Las preguntas merecen respuestas, y nosotros las tenemos. \u00bfCu\u00e1les son los primeros s\u00edntomas del embarazo? Si cree que puede estar embarazada, puede experimentar signos y s\u00edntomas como los siguientes Per\u00edodo perdido N\u00e1useas\/v\u00f3mitos Pechos tiernos Orinar con frecuencia Fatiga Aunque estos son algunos de los primeros s\u00edntomas del embarazo, es posible que experimentes otros signos o","og_url":"https:\/\/birthrightwestchester.org\/es\/preguntas-frecuentes\/","og_site_name":"Birthright of West Chester","article_modified_time":"2022-11-24T09:06:08+00:00","twitter_card":"summary_large_image","twitter_misc":{"Est. reading time":"2 minutos"},"schema":{"@context":"https:\/\/schema.org","@graph":[{"@type":"WebPage","@id":"https:\/\/birthrightwestchester.org\/es\/preguntas-frecuentes\/","url":"https:\/\/birthrightwestchester.org\/es\/preguntas-frecuentes\/","name":"PREGUNTAS FRECUENTES - Birthright of West Chester","isPartOf":{"@id":"https:\/\/birthrightwestchester.org\/es\/#website"},"datePublished":"2020-02-19T13:37:41+00:00","dateModified":"2022-11-24T09:06:08+00:00","breadcrumb":{"@id":"https:\/\/birthrightwestchester.org\/es\/preguntas-frecuentes\/#breadcrumb"},"inLanguage":"es","potentialAction":[{"@type":"ReadAction","target":["https:\/\/birthrightwestchester.org\/es\/preguntas-frecuentes\/"]}]},{"@type":"BreadcrumbList","@id":"https:\/\/birthrightwestchester.org\/es\/preguntas-frecuentes\/#breadcrumb","itemListElement":[{"@type":"ListItem","position":1,"name":"Home","item":"https:\/\/birthrightwestchester.org\/es\/"},{"@type":"ListItem","position":2,"name":"PREGUNTAS FRECUENTES"}]},{"@type":"WebSite","@id":"https:\/\/birthrightwestchester.org\/es\/#website","url":"https:\/\/birthrightwestchester.org\/es\/","name":"Birthright of West Chester","description":"","potentialAction":[{"@type":"SearchAction","target":{"@type":"EntryPoint","urlTemplate":"https:\/\/birthrightwestchester.org\/es\/?s={search_term_string}"},"query-input":{"@type":"PropertyValueSpecification","valueRequired":true,"valueName":"search_term_string"}}],"inLanguage":"es"}]}},"_links":{"self":[{"href":"https:\/\/birthrightwestchester.org\/es\/wp-json\/wp\/v2\/pages\/508","targetHints":{"allow":["GET"]}}],"collection":[{"href":"https:\/\/birthrightwestchester.org\/es\/wp-json\/wp\/v2\/pages"}],"about":[{"href":"https:\/\/birthrightwestchester.org\/es\/wp-json\/wp\/v2\/types\/page"}],"author":[{"embeddable":true,"href":"https:\/\/birthrightwestchester.org\/es\/wp-json\/wp\/v2\/users\/1"}],"replies":[{"embeddable":true,"href":"https:\/\/birthrightwestchester.org\/es\/wp-json\/wp\/v2\/comments?post=508"}],"version-history":[{"count":0,"href":"https:\/\/birthrightwestchester.org\/es\/wp-json\/wp\/v2\/pages\/508\/revisions"}],"wp:attachment":[{"href":"https:\/\/birthrightwestchester.org\/es\/wp-json\/wp\/v2\/media?parent=508"}],"curies":[{"name":"wp","href":"https:\/\/api.w.org\/{rel}","templated":true}]}}