{"id":509,"date":"2020-06-05T07:27:11","date_gmt":"2020-06-05T07:27:11","guid":{"rendered":"https:\/\/birthrightwestchester.org\/opciones\/adopcion\/"},"modified":"2022-11-24T09:06:08","modified_gmt":"2022-11-24T09:06:08","slug":"adopcion","status":"publish","type":"page","link":"https:\/\/birthrightwestchester.org\/es\/opciones\/adopcion\/","title":{"rendered":"Adopci\u00f3n"},"content":{"rendered":"<p>No descartes autom\u00e1ticamente la adopci\u00f3n como opci\u00f3n. Muchas mujeres dicen: &#8220;Nunca podr\u00eda regalar a mi beb\u00e9&#8221;, pero la adopci\u00f3n proporciona una familia para su beb\u00e9 y da un hijo a una pareja esperanzada. La adopci\u00f3n no tiene el mismo aspecto que en el pasado; de hecho, puede ser muy diferente hoy en d\u00eda. Hay muchos tipos de planes de adopci\u00f3n y usted, como madre biol\u00f3gica, tiene la oportunidad de elegir entre una adopci\u00f3n abierta, semiabierta o cerrada y determinar los detalles del plan de adopci\u00f3n.<\/p>\n<h2>\u00bfQu\u00e9 es la adopci\u00f3n abierta?<\/h2>\n<p>La adopci\u00f3n abierta es un plan que permite una comunicaci\u00f3n abierta entre usted, el ni\u00f1o y la familia adoptiva. Usted y la familia adoptiva de su elecci\u00f3n tienen la libertad de trazar un plan que funcione para todos y le permita formar parte de la vida del ni\u00f1o en la medida que desee.<\/p>\n<h2>\u00bfQu\u00e9 es la adopci\u00f3n semiabierta?<\/h2>\n<p>La adopci\u00f3n semiabierta es un plan que sigue permitiendo la comunicaci\u00f3n y las visitas, pero que cuenta con la ayuda de un tercero para su regulaci\u00f3n. De este modo, puede controlar el grado de comunicaci\u00f3n y las visitas en las que participa y no tiene que ponerse en contacto con la familia o el ni\u00f1o directamente.<\/p>\n<h2>\u00bfQu\u00e9 es la adopci\u00f3n cerrada?<\/h2>\n<p>La adopci\u00f3n cerrada es un plan que le permite permanecer completamente an\u00f3nimo. Todos los detalles y documentos de identificaci\u00f3n ser\u00e1n legalmente sellados, y usted permanecer\u00e1 sin identificar tanto al ni\u00f1o como a la familia adoptiva.<\/p>\n<p>Aunque Birthright no es una agencia de adopci\u00f3n, podemos ofrecer algunas ideas y orientaciones para esta elecci\u00f3n positiva. La madre biol\u00f3gica, por su parte, puede afrontar su futuro con valor y esperanza, sinti\u00e9ndose preparada y segura de su decisi\u00f3n. La adopci\u00f3n puede ser muy diferente de lo que imaginabas. Sin embargo, no hay ninguna obligaci\u00f3n de considerar esta opci\u00f3n, pero no tiene nada que perder por saber m\u00e1s sobre ella si as\u00ed lo decide.<\/p>\n<p>&nbsp;<\/p>\n","protected":false},"excerpt":{"rendered":"<p>La adopci\u00f3n no tiene el mismo aspecto que en el pasado; de hecho, puede ser muy diferente hoy en d\u00eda. Hay muchos tipos de planes de adopci\u00f3n y usted tiene la oportunidad de elegir el que m\u00e1s le convenga.<\/p>\n","protected":false},"author":1,"featured_media":0,"parent":506,"menu_order":2,"comment_status":"closed","ping_status":"closed","template":"","meta":{"_acf_changed":false,"footnotes":""},"class_list":["post-509","page","type-page","status-publish","hentry"],"acf":[],"yoast_head":"<!-- This site is optimized with the Yoast SEO plugin v27.4 - https:\/\/yoast.com\/product\/yoast-seo-wordpress\/ -->\n<title>Adopci\u00f3n - Birthright of West Chester<\/title>\n<meta name=\"robots\" content=\"index, follow, max-snippet:-1, max-image-preview:large, max-video-preview:-1\" \/>\n<link rel=\"canonical\" href=\"https:\/\/birthrightwestchester.org\/es\/opciones\/adopcion\/\" \/>\n<meta property=\"og:locale\" content=\"es_ES\" \/>\n<meta property=\"og:type\" content=\"article\" \/>\n<meta property=\"og:title\" content=\"Adopci\u00f3n - Birthright of West Chester\" \/>\n<meta property=\"og:description\" content=\"La adopci\u00f3n no tiene el mismo aspecto que en el pasado; de hecho, puede ser muy diferente hoy en d\u00eda. Hay muchos tipos de planes de adopci\u00f3n y usted tiene la oportunidad de elegir el que m\u00e1s le convenga.\" \/>\n<meta property=\"og:url\" content=\"https:\/\/birthrightwestchester.org\/es\/opciones\/adopcion\/\" \/>\n<meta property=\"og:site_name\" content=\"Birthright of West Chester\" \/>\n<meta property=\"article:modified_time\" content=\"2022-11-24T09:06:08+00:00\" \/>\n<meta name=\"twitter:card\" content=\"summary_large_image\" \/>\n<meta name=\"twitter:label1\" content=\"Est. reading time\" \/>\n\t<meta name=\"twitter:data1\" content=\"2 minutos\" \/>\n<!-- \/ Yoast SEO plugin. -->","yoast_head_json":{"title":"Adopci\u00f3n - Birthright of West Chester","robots":{"index":"index","follow":"follow","max-snippet":"max-snippet:-1","max-image-preview":"max-image-preview:large","max-video-preview":"max-video-preview:-1"},"canonical":"https:\/\/birthrightwestchester.org\/es\/opciones\/adopcion\/","og_locale":"es_ES","og_type":"article","og_title":"Adopci\u00f3n - Birthright of West Chester","og_description":"La adopci\u00f3n no tiene el mismo aspecto que en el pasado; de hecho, puede ser muy diferente hoy en d\u00eda. Hay muchos tipos de planes de adopci\u00f3n y usted tiene la oportunidad de elegir el que m\u00e1s le convenga.","og_url":"https:\/\/birthrightwestchester.org\/es\/opciones\/adopcion\/","og_site_name":"Birthright of West Chester","article_modified_time":"2022-11-24T09:06:08+00:00","twitter_card":"summary_large_image","twitter_misc":{"Est. reading time":"2 minutos"},"schema":{"@context":"https:\/\/schema.org","@graph":[{"@type":"WebPage","@id":"https:\/\/birthrightwestchester.org\/es\/opciones\/adopcion\/","url":"https:\/\/birthrightwestchester.org\/es\/opciones\/adopcion\/","name":"Adopci\u00f3n - Birthright of West Chester","isPartOf":{"@id":"https:\/\/birthrightwestchester.org\/es\/#website"},"datePublished":"2020-06-05T07:27:11+00:00","dateModified":"2022-11-24T09:06:08+00:00","breadcrumb":{"@id":"https:\/\/birthrightwestchester.org\/es\/opciones\/adopcion\/#breadcrumb"},"inLanguage":"es","potentialAction":[{"@type":"ReadAction","target":["https:\/\/birthrightwestchester.org\/es\/opciones\/adopcion\/"]}]},{"@type":"BreadcrumbList","@id":"https:\/\/birthrightwestchester.org\/es\/opciones\/adopcion\/#breadcrumb","itemListElement":[{"@type":"ListItem","position":1,"name":"Home","item":"https:\/\/birthrightwestchester.org\/es\/"},{"@type":"ListItem","position":2,"name":"Opciones","item":"https:\/\/birthrightwestchester.org\/es\/opciones\/"},{"@type":"ListItem","position":3,"name":"Adopci\u00f3n"}]},{"@type":"WebSite","@id":"https:\/\/birthrightwestchester.org\/es\/#website","url":"https:\/\/birthrightwestchester.org\/es\/","name":"Birthright of West Chester","description":"","potentialAction":[{"@type":"SearchAction","target":{"@type":"EntryPoint","urlTemplate":"https:\/\/birthrightwestchester.org\/es\/?s={search_term_string}"},"query-input":{"@type":"PropertyValueSpecification","valueRequired":true,"valueName":"search_term_string"}}],"inLanguage":"es"}]}},"_links":{"self":[{"href":"https:\/\/birthrightwestchester.org\/es\/wp-json\/wp\/v2\/pages\/509","targetHints":{"allow":["GET"]}}],"collection":[{"href":"https:\/\/birthrightwestchester.org\/es\/wp-json\/wp\/v2\/pages"}],"about":[{"href":"https:\/\/birthrightwestchester.org\/es\/wp-json\/wp\/v2\/types\/page"}],"author":[{"embeddable":true,"href":"https:\/\/birthrightwestchester.org\/es\/wp-json\/wp\/v2\/users\/1"}],"replies":[{"embeddable":true,"href":"https:\/\/birthrightwestchester.org\/es\/wp-json\/wp\/v2\/comments?post=509"}],"version-history":[{"count":0,"href":"https:\/\/birthrightwestchester.org\/es\/wp-json\/wp\/v2\/pages\/509\/revisions"}],"up":[{"embeddable":true,"href":"https:\/\/birthrightwestchester.org\/es\/wp-json\/wp\/v2\/pages\/506"}],"wp:attachment":[{"href":"https:\/\/birthrightwestchester.org\/es\/wp-json\/wp\/v2\/media?parent=509"}],"curies":[{"name":"wp","href":"https:\/\/api.w.org\/{rel}","templated":true}]}}