{"id":510,"date":"2020-06-05T07:26:27","date_gmt":"2020-06-05T07:26:27","guid":{"rendered":"https:\/\/birthrightwestchester.org\/opciones\/aborto\/"},"modified":"2022-11-24T09:06:08","modified_gmt":"2022-11-24T09:06:08","slug":"aborto","status":"publish","type":"page","link":"https:\/\/birthrightwestchester.org\/es\/opciones\/aborto\/","title":{"rendered":"Aborto"},"content":{"rendered":"&#13;\n<p>El aborto puede parecer la respuesta m\u00e1s sencilla a un embarazo no deseado, pero en la vida no hay respuestas f\u00e1ciles. Quiz\u00e1 no quieras abortar pero sientas que es tu \u00fanica opci\u00f3n. No est\u00e1s sola; muchas mujeres se sienten inicialmente as\u00ed y se plantean abortar porque no tienen el apoyo o los recursos necesarios para tener a su beb\u00e9. Incluso puede que la gente te presione para que abortes lo que no quieres necesariamente. Puede que sientas que no tienes otra opci\u00f3n, pero la tienes. Birthright puede ayudarte a explorar las razones por las que est\u00e1s considerando el aborto y posiblemente ofrecerte opciones alternativas. Sin embargo, entendemos que cualquier elecci\u00f3n parece dif\u00edcil y complicada en estos momentos. Una pregunta que hay que hacerse es: \u00bfhar\u00eda usted una elecci\u00f3n diferente si sus circunstancias fueran distintas? Birthright est\u00e1 aqu\u00ed para ayudarle a cambiar su circunstancia y asistirle. P\u00f3ngase en contacto con nosotros hoy mismo para conocer sus opciones y oportunidades.  <\/p>&#13;\n<h2>What Is An Abortion?\u00a0<\/h2>&#13;\n<p>El aborto es un procedimiento electivo que pone fin a un embarazo viable situado en el \u00fatero (el \u00fanico lugar donde puede crecer un embri\u00f3n). Para llevar a cabo este proceso se utilizan f\u00e1rmacos o cirug\u00eda, y conlleva riesgos. Dependiendo del procedimiento de aborto, los <a href=\"https:\/\/www.mayoclinic.org\/tests-procedures\/medical-abortion\/about\/pac-20394687\" data-wpel-link=\"external\" rel=\"external noopener noreferrer\">riesgos<\/a> pueden incluir:  <\/p>&#13;\n<ul><li>Heavy and prolonged bleeding<\/li>&#13;\n<li>Infection<\/li>&#13;\n<li>Fever<\/li>&#13;\n<\/ul><p>Otras <a href=\"https:\/\/www.mayoclinic.org\/tests-procedures\/dilation-and-curettage\/about\/pac-20384910\" data-wpel-link=\"external\" rel=\"external noopener noreferrer\">complicaciones<\/a> que pueden surgir son:  <\/p>&#13;\n<ul><li>Perforation of the uterus<\/li>&#13;\n<li>Damage to the cervix<\/li>&#13;\n<li>Scar tissue on the uterine wall<\/li>&#13;\n<\/ul><p>Comprender todas las opciones y hablar con un profesional de confianza es vital para entender c\u00f3mo este procedimiento puede afectar a su salud y bienestar. Si est\u00e1 pensando en abortar, le animamos a que se ponga en contacto con nosotros hoy mismo y reciba respuestas a cualquier pregunta o preocupaci\u00f3n que pueda tener. Ninguna pregunta debe quedar sin respuesta cuando se trata de proteger su salud. Perm\u00edtanos darle conocimientos para que pueda tomar una decisi\u00f3n informada y adecuada para usted.<\/p>&#13;\n","protected":false},"excerpt":{"rendered":"<p>El aborto puede parecer la respuesta m\u00e1s sencilla a un embarazo no deseado, pero en la vida no hay respuestas f\u00e1ciles. Si est\u00e1 pensando en abortar, le animamos a que se ponga en contacto con nosotros hoy mismo y reciba respuestas a cualquier pregunta o preocupaci\u00f3n que pueda tener. Perm\u00edtanos darle conocimientos para que pueda tomar una decisi\u00f3n informada y adecuada para usted.<\/p>\n","protected":false},"author":1,"featured_media":0,"parent":506,"menu_order":1,"comment_status":"closed","ping_status":"closed","template":"","meta":{"_acf_changed":false,"footnotes":""},"class_list":["post-510","page","type-page","status-publish","hentry"],"acf":[],"yoast_head":"<!-- This site is optimized with the Yoast SEO plugin v27.4 - https:\/\/yoast.com\/product\/yoast-seo-wordpress\/ -->\n<title>Aborto - Birthright of West Chester<\/title>\n<meta name=\"robots\" content=\"index, follow, max-snippet:-1, max-image-preview:large, max-video-preview:-1\" \/>\n<link rel=\"canonical\" href=\"https:\/\/birthrightwestchester.org\/es\/opciones\/aborto\/\" \/>\n<meta property=\"og:locale\" content=\"es_ES\" \/>\n<meta property=\"og:type\" content=\"article\" \/>\n<meta property=\"og:title\" content=\"Aborto - Birthright of West Chester\" \/>\n<meta property=\"og:description\" content=\"El aborto puede parecer la respuesta m\u00e1s sencilla a un embarazo no deseado, pero en la vida no hay respuestas f\u00e1ciles. Si est\u00e1 pensando en abortar, le animamos a que se ponga en contacto con nosotros hoy mismo y reciba respuestas a cualquier pregunta o preocupaci\u00f3n que pueda tener. Perm\u00edtanos darle conocimientos para que pueda tomar una decisi\u00f3n informada y adecuada para usted.\" \/>\n<meta property=\"og:url\" content=\"https:\/\/birthrightwestchester.org\/es\/opciones\/aborto\/\" \/>\n<meta property=\"og:site_name\" content=\"Birthright of West Chester\" \/>\n<meta property=\"article:modified_time\" content=\"2022-11-24T09:06:08+00:00\" \/>\n<meta name=\"twitter:card\" content=\"summary_large_image\" \/>\n<meta name=\"twitter:label1\" content=\"Est. reading time\" \/>\n\t<meta name=\"twitter:data1\" content=\"2 minutos\" \/>\n<!-- \/ Yoast SEO plugin. -->","yoast_head_json":{"title":"Aborto - Birthright of West Chester","robots":{"index":"index","follow":"follow","max-snippet":"max-snippet:-1","max-image-preview":"max-image-preview:large","max-video-preview":"max-video-preview:-1"},"canonical":"https:\/\/birthrightwestchester.org\/es\/opciones\/aborto\/","og_locale":"es_ES","og_type":"article","og_title":"Aborto - Birthright of West Chester","og_description":"El aborto puede parecer la respuesta m\u00e1s sencilla a un embarazo no deseado, pero en la vida no hay respuestas f\u00e1ciles. Si est\u00e1 pensando en abortar, le animamos a que se ponga en contacto con nosotros hoy mismo y reciba respuestas a cualquier pregunta o preocupaci\u00f3n que pueda tener. Perm\u00edtanos darle conocimientos para que pueda tomar una decisi\u00f3n informada y adecuada para usted.","og_url":"https:\/\/birthrightwestchester.org\/es\/opciones\/aborto\/","og_site_name":"Birthright of West Chester","article_modified_time":"2022-11-24T09:06:08+00:00","twitter_card":"summary_large_image","twitter_misc":{"Est. reading time":"2 minutos"},"schema":{"@context":"https:\/\/schema.org","@graph":[{"@type":"WebPage","@id":"https:\/\/birthrightwestchester.org\/es\/opciones\/aborto\/","url":"https:\/\/birthrightwestchester.org\/es\/opciones\/aborto\/","name":"Aborto - Birthright of West Chester","isPartOf":{"@id":"https:\/\/birthrightwestchester.org\/es\/#website"},"datePublished":"2020-06-05T07:26:27+00:00","dateModified":"2022-11-24T09:06:08+00:00","breadcrumb":{"@id":"https:\/\/birthrightwestchester.org\/es\/opciones\/aborto\/#breadcrumb"},"inLanguage":"es","potentialAction":[{"@type":"ReadAction","target":["https:\/\/birthrightwestchester.org\/es\/opciones\/aborto\/"]}]},{"@type":"BreadcrumbList","@id":"https:\/\/birthrightwestchester.org\/es\/opciones\/aborto\/#breadcrumb","itemListElement":[{"@type":"ListItem","position":1,"name":"Home","item":"https:\/\/birthrightwestchester.org\/es\/"},{"@type":"ListItem","position":2,"name":"Opciones","item":"https:\/\/birthrightwestchester.org\/es\/opciones\/"},{"@type":"ListItem","position":3,"name":"Aborto"}]},{"@type":"WebSite","@id":"https:\/\/birthrightwestchester.org\/es\/#website","url":"https:\/\/birthrightwestchester.org\/es\/","name":"Birthright of West Chester","description":"","potentialAction":[{"@type":"SearchAction","target":{"@type":"EntryPoint","urlTemplate":"https:\/\/birthrightwestchester.org\/es\/?s={search_term_string}"},"query-input":{"@type":"PropertyValueSpecification","valueRequired":true,"valueName":"search_term_string"}}],"inLanguage":"es"}]}},"_links":{"self":[{"href":"https:\/\/birthrightwestchester.org\/es\/wp-json\/wp\/v2\/pages\/510","targetHints":{"allow":["GET"]}}],"collection":[{"href":"https:\/\/birthrightwestchester.org\/es\/wp-json\/wp\/v2\/pages"}],"about":[{"href":"https:\/\/birthrightwestchester.org\/es\/wp-json\/wp\/v2\/types\/page"}],"author":[{"embeddable":true,"href":"https:\/\/birthrightwestchester.org\/es\/wp-json\/wp\/v2\/users\/1"}],"replies":[{"embeddable":true,"href":"https:\/\/birthrightwestchester.org\/es\/wp-json\/wp\/v2\/comments?post=510"}],"version-history":[{"count":0,"href":"https:\/\/birthrightwestchester.org\/es\/wp-json\/wp\/v2\/pages\/510\/revisions"}],"up":[{"embeddable":true,"href":"https:\/\/birthrightwestchester.org\/es\/wp-json\/wp\/v2\/pages\/506"}],"wp:attachment":[{"href":"https:\/\/birthrightwestchester.org\/es\/wp-json\/wp\/v2\/media?parent=510"}],"curies":[{"name":"wp","href":"https:\/\/api.w.org\/{rel}","templated":true}]}}