{"id":511,"date":"2020-06-05T07:25:38","date_gmt":"2020-06-05T07:25:38","guid":{"rendered":"https:\/\/birthrightwestchester.org\/referencias\/"},"modified":"2022-11-24T09:06:08","modified_gmt":"2022-11-24T09:06:08","slug":"referencias","status":"publish","type":"page","link":"https:\/\/birthrightwestchester.org\/es\/servicios\/referencias\/","title":{"rendered":"Referencias"},"content":{"rendered":"<p>Siempre estaremos aqu\u00ed para ayudarte y darte las herramientas necesarias para triunfar. A veces ese recurso es una derivaci\u00f3n a alguien que puede ayudarle en un \u00e1rea espec\u00edfica. Sin embargo, esto no significa que dejemos de estar a su disposici\u00f3n. En Birthright, nos comprometemos a caminar a tu lado durante todo este viaje y estar ah\u00ed para ti, las referencias son s\u00f3lo formas adicionales en las que podemos ayudar a hacerlo.<\/p>\n<h2>Derivaciones para la atenci\u00f3n m\u00e9dica<\/h2>\n<p>Si necesita atenci\u00f3n m\u00e9dica, incluida una ecograf\u00eda, o un seguro m\u00e9dico para usted o su hijo, podemos ayudarle. Remitirle a una de las muchas agencias con las que nos asociamos puede ayudarle a obtener estos recursos. El primer paso es concertar una cita con nosotros para evaluar sus necesidades y as\u00ed poder remitirle al organismo adecuado. Estaremos con usted en cada paso para que nunca se sienta solo o perdido en el proceso. Le ayudamos a obtener la comprensi\u00f3n y el apoyo que busca.<\/p>\n<h2>Derivaciones a la vivienda, asistencia alimentaria y m\u00e1s<\/h2>\n<p>Si necesitas ayuda con la vivienda, asistencia alimentaria o tienes otra necesidad, podemos ayudarte remiti\u00e9ndote a una de las maravillosas agencias con las que trabajamos. Aseg\u00farese de concertar primero una cita con nosotros y discutir qu\u00e9 recursos podemos ayudarle a adquirir que le faciliten las cosas. Le ayudaremos a evaluar sus necesidades para poder remitirle a la agencia adecuada y conseguir los servicios que busca.<\/p>\n<h2>\u00bfNecesita una referencia para otro servicio?<\/h2>\n<p>\u00bfNecesita que le remitan a un servicio que no ve aqu\u00ed? P\u00f3ngase en contacto con nosotros hoy mismo para concertar una cita gratuita y confidencial y hablar de lo que est\u00e1 buscando. Estamos con los brazos abiertos para ofrecerte el apoyo, la orientaci\u00f3n y la asistencia que necesitas. No dude en comentar lo que le resultar\u00eda \u00fatil, y si podemos ayudar, lo haremos.<\/p>\n","protected":false},"excerpt":{"rendered":"<p>En Birthright, nos comprometemos a caminar a tu lado durante todo este viaje y estar ah\u00ed para ti, las referencias son s\u00f3lo formas adicionales en las que podemos ayudar a hacerlo.  <\/p>\n","protected":false},"author":1,"featured_media":0,"parent":533,"menu_order":5,"comment_status":"closed","ping_status":"closed","template":"","meta":{"_acf_changed":false,"footnotes":""},"class_list":["post-511","page","type-page","status-publish","hentry"],"acf":[],"yoast_head":"<!-- This site is optimized with the Yoast SEO plugin v27.4 - https:\/\/yoast.com\/product\/yoast-seo-wordpress\/ -->\n<title>Referencias - Birthright of West Chester<\/title>\n<meta name=\"robots\" content=\"index, follow, max-snippet:-1, max-image-preview:large, max-video-preview:-1\" \/>\n<link rel=\"canonical\" href=\"https:\/\/birthrightwestchester.org\/es\/servicios\/referencias\/\" \/>\n<meta property=\"og:locale\" content=\"es_ES\" \/>\n<meta property=\"og:type\" content=\"article\" \/>\n<meta property=\"og:title\" content=\"Referencias - Birthright of West Chester\" \/>\n<meta property=\"og:description\" content=\"En Birthright, nos comprometemos a caminar a tu lado durante todo este viaje y estar ah\u00ed para ti, las referencias son s\u00f3lo formas adicionales en las que podemos ayudar a hacerlo.\" \/>\n<meta property=\"og:url\" content=\"https:\/\/birthrightwestchester.org\/es\/servicios\/referencias\/\" \/>\n<meta property=\"og:site_name\" content=\"Birthright of West Chester\" \/>\n<meta property=\"article:modified_time\" content=\"2022-11-24T09:06:08+00:00\" \/>\n<meta name=\"twitter:card\" content=\"summary_large_image\" \/>\n<meta name=\"twitter:label1\" content=\"Est. reading time\" \/>\n\t<meta name=\"twitter:data1\" content=\"2 minutos\" \/>\n<!-- \/ Yoast SEO plugin. -->","yoast_head_json":{"title":"Referencias - Birthright of West Chester","robots":{"index":"index","follow":"follow","max-snippet":"max-snippet:-1","max-image-preview":"max-image-preview:large","max-video-preview":"max-video-preview:-1"},"canonical":"https:\/\/birthrightwestchester.org\/es\/servicios\/referencias\/","og_locale":"es_ES","og_type":"article","og_title":"Referencias - Birthright of West Chester","og_description":"En Birthright, nos comprometemos a caminar a tu lado durante todo este viaje y estar ah\u00ed para ti, las referencias son s\u00f3lo formas adicionales en las que podemos ayudar a hacerlo.","og_url":"https:\/\/birthrightwestchester.org\/es\/servicios\/referencias\/","og_site_name":"Birthright of West Chester","article_modified_time":"2022-11-24T09:06:08+00:00","twitter_card":"summary_large_image","twitter_misc":{"Est. reading time":"2 minutos"},"schema":{"@context":"https:\/\/schema.org","@graph":[{"@type":"WebPage","@id":"https:\/\/birthrightwestchester.org\/es\/servicios\/referencias\/","url":"https:\/\/birthrightwestchester.org\/es\/servicios\/referencias\/","name":"Referencias - Birthright of West Chester","isPartOf":{"@id":"https:\/\/birthrightwestchester.org\/es\/#website"},"datePublished":"2020-06-05T07:25:38+00:00","dateModified":"2022-11-24T09:06:08+00:00","breadcrumb":{"@id":"https:\/\/birthrightwestchester.org\/es\/servicios\/referencias\/#breadcrumb"},"inLanguage":"es","potentialAction":[{"@type":"ReadAction","target":["https:\/\/birthrightwestchester.org\/es\/servicios\/referencias\/"]}]},{"@type":"BreadcrumbList","@id":"https:\/\/birthrightwestchester.org\/es\/servicios\/referencias\/#breadcrumb","itemListElement":[{"@type":"ListItem","position":1,"name":"Home","item":"https:\/\/birthrightwestchester.org\/es\/"},{"@type":"ListItem","position":2,"name":"Servicios","item":"https:\/\/birthrightwestchester.org\/es\/servicios\/"},{"@type":"ListItem","position":3,"name":"Referencias"}]},{"@type":"WebSite","@id":"https:\/\/birthrightwestchester.org\/es\/#website","url":"https:\/\/birthrightwestchester.org\/es\/","name":"Birthright of West Chester","description":"","potentialAction":[{"@type":"SearchAction","target":{"@type":"EntryPoint","urlTemplate":"https:\/\/birthrightwestchester.org\/es\/?s={search_term_string}"},"query-input":{"@type":"PropertyValueSpecification","valueRequired":true,"valueName":"search_term_string"}}],"inLanguage":"es"}]}},"_links":{"self":[{"href":"https:\/\/birthrightwestchester.org\/es\/wp-json\/wp\/v2\/pages\/511","targetHints":{"allow":["GET"]}}],"collection":[{"href":"https:\/\/birthrightwestchester.org\/es\/wp-json\/wp\/v2\/pages"}],"about":[{"href":"https:\/\/birthrightwestchester.org\/es\/wp-json\/wp\/v2\/types\/page"}],"author":[{"embeddable":true,"href":"https:\/\/birthrightwestchester.org\/es\/wp-json\/wp\/v2\/users\/1"}],"replies":[{"embeddable":true,"href":"https:\/\/birthrightwestchester.org\/es\/wp-json\/wp\/v2\/comments?post=511"}],"version-history":[{"count":0,"href":"https:\/\/birthrightwestchester.org\/es\/wp-json\/wp\/v2\/pages\/511\/revisions"}],"up":[{"embeddable":true,"href":"https:\/\/birthrightwestchester.org\/es\/wp-json\/wp\/v2\/pages\/533"}],"wp:attachment":[{"href":"https:\/\/birthrightwestchester.org\/es\/wp-json\/wp\/v2\/media?parent=511"}],"curies":[{"name":"wp","href":"https:\/\/api.w.org\/{rel}","templated":true}]}}