{"id":512,"date":"2020-06-05T07:25:10","date_gmt":"2020-06-05T07:25:10","guid":{"rendered":"https:\/\/birthrightwestchester.org\/servicios-de-apoyo\/"},"modified":"2022-11-24T09:06:08","modified_gmt":"2022-11-24T09:06:08","slug":"servicios-de-apoyo","status":"publish","type":"page","link":"https:\/\/birthrightwestchester.org\/es\/servicios\/servicios-de-apoyo\/","title":{"rendered":"Servicios de apoyo"},"content":{"rendered":"&#13;\n<p>Estamos aqu\u00ed para proporcionarle los recursos y el apoyo que necesita no s\u00f3lo para tener \u00e9xito, sino para prosperar. Te mereces lo mejor; estamos aqu\u00ed para asegurarnos de que lo recibas. A continuaci\u00f3n se exponen algunas formas de apoyar a las mujeres y a sus familias para que prosperen en sus nuevas funciones y se sientan atendidas. Nos entusiasma ser una comunidad que te abraza y te rodea, proporcion\u00e1ndote la tranquilidad que buscas en una zona libre de juicios.  <\/p>&#13;\n<h2>Emotional support<\/h2>&#13;\n<p>Te has enterado de que est\u00e1s embarazada y necesitas a alguien con quien hablar&#8230; pero tal vez no est\u00e9s preparada para compartir esta noticia con tus amigos, tu familia o incluso tu pareja todav\u00eda. Estamos aqu\u00ed para ti y dispuestos a escucharte. Comparta con nosotros cualquier inquietud que tenga, y le ayudaremos a navegar por sus opciones y los siguientes pasos. Tenga en cuenta que esto no es algo \u00fanico. Birthright est\u00e1 aqu\u00ed para ti durante todo el embarazo, la crianza de los hijos o para ayudarte a resolver tus sentimientos despu\u00e9s del aborto.  <strong>Recuerda que no est\u00e1s solo.<\/strong><\/p>&#13;\n<h2>Maternity clothes<\/h2>&#13;\n<p>Birthright ofrece a las futuras madres ropa de maternidad gratuita. Tenemos todos los tama\u00f1os y todas las estaciones. Por favor, programe una cita hoy mismo o vis\u00edtenos durante el horario de atenci\u00f3n al p\u00fablico. Nos complace proporcionarle este recurso para que se sienta vestido para la ocasi\u00f3n.<\/p>&#13;\n<h2>Baby clothes and items<\/h2>&#13;\n<p>Para ayudar a nuestros clientes a prepararse para el beb\u00e9, proporcionamos a las futuras mam\u00e1s un paquete de art\u00edculos esenciales para el reci\u00e9n nacido. Esto incluye pa\u00f1ales, toallitas, conjuntos, pijamas, mamelucos, biberones, mantas, s\u00e1banas para la cuna, jab\u00f3n para el ba\u00f1o del beb\u00e9 y mucho m\u00e1s. Los clientes pueden volver por temporadas para obtener ropa adicional hasta la talla 18 meses y otros art\u00edculos necesarios. En Birthright, creemos en el apoyo a largo plazo.  <\/p>&#13;\n<h2>Monthly diapers and wipes<\/h2>&#13;\n<p>Comprendemos este coste y queremos ayudarle. Para ayudar a compensar el coste de los pa\u00f1ales, proporcionamos mensualmente pa\u00f1ales (tallas 1-4) y toallitas a nuestros clientes.<\/p>&#13;\n<p>\u00a0<\/p>&#13;\n","protected":false},"excerpt":{"rendered":"<p>Estamos aqu\u00ed para proporcionarle los recursos y el apoyo que necesita no s\u00f3lo para tener \u00e9xito, sino para prosperar. Te mereces lo mejor; estamos aqu\u00ed para asegurarnos de que lo recibas.<\/p>\n","protected":false},"author":1,"featured_media":0,"parent":533,"menu_order":4,"comment_status":"closed","ping_status":"closed","template":"","meta":{"_acf_changed":false,"footnotes":""},"class_list":["post-512","page","type-page","status-publish","hentry"],"acf":[],"yoast_head":"<!-- This site is optimized with the Yoast SEO plugin v27.4 - https:\/\/yoast.com\/product\/yoast-seo-wordpress\/ -->\n<title>Servicios de apoyo - Birthright of West Chester<\/title>\n<meta name=\"robots\" content=\"index, follow, max-snippet:-1, max-image-preview:large, max-video-preview:-1\" \/>\n<link rel=\"canonical\" href=\"https:\/\/birthrightwestchester.org\/es\/servicios\/servicios-de-apoyo\/\" \/>\n<meta property=\"og:locale\" content=\"es_ES\" \/>\n<meta property=\"og:type\" content=\"article\" \/>\n<meta property=\"og:title\" content=\"Servicios de apoyo - Birthright of West Chester\" \/>\n<meta property=\"og:description\" content=\"Estamos aqu\u00ed para proporcionarle los recursos y el apoyo que necesita no s\u00f3lo para tener \u00e9xito, sino para prosperar. Te mereces lo mejor; estamos aqu\u00ed para asegurarnos de que lo recibas.\" \/>\n<meta property=\"og:url\" content=\"https:\/\/birthrightwestchester.org\/es\/servicios\/servicios-de-apoyo\/\" \/>\n<meta property=\"og:site_name\" content=\"Birthright of West Chester\" \/>\n<meta property=\"article:modified_time\" content=\"2022-11-24T09:06:08+00:00\" \/>\n<meta name=\"twitter:card\" content=\"summary_large_image\" \/>\n<meta name=\"twitter:label1\" content=\"Est. reading time\" \/>\n\t<meta name=\"twitter:data1\" content=\"2 minutos\" \/>\n<!-- \/ Yoast SEO plugin. -->","yoast_head_json":{"title":"Servicios de apoyo - Birthright of West Chester","robots":{"index":"index","follow":"follow","max-snippet":"max-snippet:-1","max-image-preview":"max-image-preview:large","max-video-preview":"max-video-preview:-1"},"canonical":"https:\/\/birthrightwestchester.org\/es\/servicios\/servicios-de-apoyo\/","og_locale":"es_ES","og_type":"article","og_title":"Servicios de apoyo - Birthright of West Chester","og_description":"Estamos aqu\u00ed para proporcionarle los recursos y el apoyo que necesita no s\u00f3lo para tener \u00e9xito, sino para prosperar. Te mereces lo mejor; estamos aqu\u00ed para asegurarnos de que lo recibas.","og_url":"https:\/\/birthrightwestchester.org\/es\/servicios\/servicios-de-apoyo\/","og_site_name":"Birthright of West Chester","article_modified_time":"2022-11-24T09:06:08+00:00","twitter_card":"summary_large_image","twitter_misc":{"Est. reading time":"2 minutos"},"schema":{"@context":"https:\/\/schema.org","@graph":[{"@type":"WebPage","@id":"https:\/\/birthrightwestchester.org\/es\/servicios\/servicios-de-apoyo\/","url":"https:\/\/birthrightwestchester.org\/es\/servicios\/servicios-de-apoyo\/","name":"Servicios de apoyo - Birthright of West Chester","isPartOf":{"@id":"https:\/\/birthrightwestchester.org\/es\/#website"},"datePublished":"2020-06-05T07:25:10+00:00","dateModified":"2022-11-24T09:06:08+00:00","breadcrumb":{"@id":"https:\/\/birthrightwestchester.org\/es\/servicios\/servicios-de-apoyo\/#breadcrumb"},"inLanguage":"es","potentialAction":[{"@type":"ReadAction","target":["https:\/\/birthrightwestchester.org\/es\/servicios\/servicios-de-apoyo\/"]}]},{"@type":"BreadcrumbList","@id":"https:\/\/birthrightwestchester.org\/es\/servicios\/servicios-de-apoyo\/#breadcrumb","itemListElement":[{"@type":"ListItem","position":1,"name":"Home","item":"https:\/\/birthrightwestchester.org\/es\/"},{"@type":"ListItem","position":2,"name":"Servicios","item":"https:\/\/birthrightwestchester.org\/es\/servicios\/"},{"@type":"ListItem","position":3,"name":"Servicios de apoyo"}]},{"@type":"WebSite","@id":"https:\/\/birthrightwestchester.org\/es\/#website","url":"https:\/\/birthrightwestchester.org\/es\/","name":"Birthright of West Chester","description":"","potentialAction":[{"@type":"SearchAction","target":{"@type":"EntryPoint","urlTemplate":"https:\/\/birthrightwestchester.org\/es\/?s={search_term_string}"},"query-input":{"@type":"PropertyValueSpecification","valueRequired":true,"valueName":"search_term_string"}}],"inLanguage":"es"}]}},"_links":{"self":[{"href":"https:\/\/birthrightwestchester.org\/es\/wp-json\/wp\/v2\/pages\/512","targetHints":{"allow":["GET"]}}],"collection":[{"href":"https:\/\/birthrightwestchester.org\/es\/wp-json\/wp\/v2\/pages"}],"about":[{"href":"https:\/\/birthrightwestchester.org\/es\/wp-json\/wp\/v2\/types\/page"}],"author":[{"embeddable":true,"href":"https:\/\/birthrightwestchester.org\/es\/wp-json\/wp\/v2\/users\/1"}],"replies":[{"embeddable":true,"href":"https:\/\/birthrightwestchester.org\/es\/wp-json\/wp\/v2\/comments?post=512"}],"version-history":[{"count":0,"href":"https:\/\/birthrightwestchester.org\/es\/wp-json\/wp\/v2\/pages\/512\/revisions"}],"up":[{"embeddable":true,"href":"https:\/\/birthrightwestchester.org\/es\/wp-json\/wp\/v2\/pages\/533"}],"wp:attachment":[{"href":"https:\/\/birthrightwestchester.org\/es\/wp-json\/wp\/v2\/media?parent=512"}],"curies":[{"name":"wp","href":"https:\/\/api.w.org\/{rel}","templated":true}]}}