{"id":525,"date":"2022-09-21T11:38:28","date_gmt":"2022-09-21T15:38:28","guid":{"rendered":"https:\/\/birthrightwestchester.org\/como-ayudar\/"},"modified":"2026-03-13T11:57:05","modified_gmt":"2026-03-13T15:57:05","slug":"como-ayudar","status":"publish","type":"page","link":"https:\/\/birthrightwestchester.org\/es\/como-ayudar\/","title":{"rendered":"C\u00f3mo ayudar"},"content":{"rendered":"<p>Tanto si donas tu tiempo convirti\u00e9ndote en voluntario de Birthright como si haces una contribuci\u00f3n econ\u00f3mica a nuestra organizaci\u00f3n, el trabajo que hacemos y la ayuda que proporcionamos a las mujeres y a sus beb\u00e9s no ser\u00edan posibles sin la generosidad y la compasi\u00f3n de personas como t\u00fa. Gracias.<\/p>\n<ul>\n<li><a href=\"#financial-donations\">Donaciones financieras<\/a><\/li>\n<li><a href=\"#material-donations\">Donaciones de material<\/a><\/li>\n<li><a href=\"#volunteer-opportunities\">Oportunidades de voluntariado<\/a><\/li>\n<\/ul>\n<h2 id=\"financial-donations\">Donaciones financieras<\/h2>\n<p class=\"entry-title\">Birthright of West Chester es una agencia interreligiosa, voluntaria y sin \u00e1nimo de lucro, una de las 500 delegaciones en todo el mundo. Dependemos totalmente de las donaciones para mantenernos. Birthright of West Chester es una organizaci\u00f3n ben\u00e9fica reconocida por el IRS 501(c)(3). Agradecemos profundamente su generoso apoyo a nuestra misi\u00f3n permanente.<\/p>\n<p class=\"entry-title\">Se entregar\u00e1 un recibo en reconocimiento de todas las donaciones. Para m\u00e1s informaci\u00f3n, llame al 610-436-0773 o env\u00ede un correo electr\u00f3nico a <a href=\"mailto:birthrightwestchester@gmail.com\" target=\"_blank\" rel=\"noopener\">birthrightwestchester@gmail.com.<\/a><\/p>\n<div class=\"entry-content\">\n<p class=\"style4 style9\">Los donantes pueden elegir entre varios m\u00e9todos para contribuir a Birthright of West Chester:<\/p>\n<h3>Contribuci\u00f3n a nuestro Programa de Regalos Conmemorativos y de Honor<\/h3>\n<p class=\"style4 style9\">La participaci\u00f3n en los programas de donaciones conmemorativas y de honor honra a personas vivas o fallecidas y apoya el trabajo de Birthright of West Chester. Por donaciones de 25 d\u00f3lares o m\u00e1s, individuos o grupos pueden inscribir el nombre de una persona viva o fallecida en el Libro de Honor y Conmemoraci\u00f3n de Birthright of West Chester, que se exhibe en ocasiones especiales. Birthright of West Chester enviar\u00e1 una tarjeta de notificaci\u00f3n a un destinatario designado.<\/p>\n<p class=\"style4 style9\">Los donantes que deseen hacer una contribuci\u00f3n conmemorativa deben rellenar nuestro <strong><br \/>\n  <em><br \/>\n    <a href=\"https:\/\/drive.google.com\/file\/d\/1jXJfB7GWz8EaVDLieu-hZOkSLeFjo7ot\/view?usp=sharing\" target=\"_blank\" rel=\"noopener noreferrer external\" data-wpel-link=\"external\">Formulario del Programa de Donaciones Conmemorativas y de Honor<\/a><br \/>\n  <\/em><br \/>\n<\/strong> y enviarlo por correo o por <a href=\"mailto:birthrightwestchester@gmail.com\">correo electr\u00f3nico<\/a>, dependiendo de su m\u00e9todo de donaci\u00f3n.<\/p>\n<h3>Contribuci\u00f3n en l\u00ednea<\/h3>\n<p>El pago se realizar\u00e1 a trav\u00e9s de PayPal (puede utilizar su tarjeta de cr\u00e9dito en el sitio web de PayPal).<\/p>\n<p>Haga clic en el bot\u00f3n &#8220;Donar&#8221; y luego en &#8220;Continuar&#8221; en la esquina inferior izquierda despu\u00e9s de &#8220;\u00bfNo tiene una cuenta de PayPal? Utilice su tarjeta de cr\u00e9dito&#8221;.<\/p>\n<p><a class=\"btn\" href=\"https:\/\/www.paypal.com\/donate\/?hosted_button_id=4BAWZS727FEP6\" target=\"_blank\" rel=\"noopener external noreferrer\" data-wpel-link=\"external\">Donar<\/a><\/p>\n<p><span data-slate-fragment=\"JTVCJTdCJTIydHlwZSUyMiUzQSUyMnBhcmFncmFwaCUyMiUyQyUyMmNoaWxkcmVuJTIyJTNBJTVCJTdCJTIydGV4dCUyMiUzQSUyMklmJTIwbWFpbGluZyUyMGElMjBkb25hdGlvbiUyQyUyMiUyQyUyMmJvbGQlMjIlM0F0cnVlJTdEJTVEJTdEJTVE\">Si env\u00eda un donativo por correo, por favor,<\/span>haga los cheques a nombre de Birthright of West Chester y env\u00edelos a la direcci\u00f3n indicada m\u00e1s abajo:<\/p>\n<p>Birthright of West Chester | 112 South High Street | West Chester, PA 19382<\/p>\n<\/div>\n<h2 id=\"material-donations\">Donaciones de material<\/h2>\n<p>Lo que aceptamos: (Art\u00edculos de beb\u00e9 nuevos y poco usados)<\/p>\n<ul>\n<li>Ropa para beb\u00e9s de 0 a 18 meses<\/li>\n<li>Ropa exterior para beb\u00e9s<\/li>\n<li>Ropa de maternidad<\/li>\n<li>Pa\u00f1ales tallas NB, 1, 2, 3, 4 y 5<\/li>\n<li>Productos de ba\u00f1o para beb\u00e9s (nuevos\/sin abrir)<\/li>\n<li>Toallas para beb\u00e9s, pa\u00f1os (nuevos o poco usados)<\/li>\n<li>Mantas<\/li>\n<li>S\u00e1banas de cuna<\/li>\n<li>Calcetines y zapatos de beb\u00e9<\/li>\n<li>Toallitas para beb\u00e9s<\/li>\n<li>Libros de cart\u00f3n<\/li>\n<\/ul>\n<p>Para organizar la entrega de donaciones, llame al 610-436-0773 o env\u00ede un correo electr\u00f3nico a <a href=\"mailto:birthrightwestchester@gmail.com\">birthrightwestchester@gmail.com.<\/a><\/p>\n<h2 id=\"volunteer-opportunities\">Voluntario<\/h2>\n<p>Siempre estamos buscando voluntarios solidarios y compasivos que puedan dedicar tres horas a la semana a ayudar a las mujeres embarazadas y a sus beb\u00e9s. Si usted piensa que puede estar interesado en ser voluntario en Birthright de West Chester, por favor llene un <a href=\"https:\/\/docs.google.com\/forms\/d\/e\/1FAIpQLScqPXHtG6Ld92xYPv05jiipMqPWT5VMYafE9vFKghPa2LtkcQ\/viewform?usp=sf_link\" target=\"_blank\" rel=\"noopener external noreferrer\" data-wpel-link=\"external\">formulario de inter\u00e9s de voluntariado<\/a> o env\u00edenos un correo electr\u00f3nico a <a href=\"mailto:birthrightwestchester@gmail.com\">birthrightwestchester@gmail.com.<\/a><\/p>\n<p>Tambi\u00e9n hay una oficina de Birthright en la cercana Coatesville que busca cubrir varios puestos de voluntariado. Si est\u00e1 interesado en ser voluntario en la oficina de Coatesville, situada en 529 East Lincoln Highway, env\u00ede un correo electr\u00f3nico a <a href=\"mailto:birthrightofcoatesvillepa@gmail.com\" target=\"_blank\" rel=\"noopener\">birthrightofcoatesvillepa@<wbr><\/wbr>gmail.com<\/a>.<\/p>\n","protected":false},"excerpt":{"rendered":"<p>Tanto si donas tu tiempo convirti\u00e9ndote en voluntario de Birthright como si haces una contribuci\u00f3n econ\u00f3mica a nuestra organizaci\u00f3n, el trabajo que hacemos y la ayuda que proporcionamos a las mujeres y a sus beb\u00e9s no ser\u00edan posibles sin la generosidad y la compasi\u00f3n de personas como t\u00fa. Gracias.<\/p>\n","protected":false},"author":2,"featured_media":0,"parent":0,"menu_order":0,"comment_status":"closed","ping_status":"closed","template":"","meta":{"_acf_changed":false,"footnotes":""},"class_list":["post-525","page","type-page","status-publish","hentry"],"acf":[],"yoast_head":"<!-- This site is optimized with the Yoast SEO plugin v27.5 - https:\/\/yoast.com\/product\/yoast-seo-wordpress\/ -->\n<title>C\u00f3mo ayudar - Birthright of West Chester<\/title>\n<meta name=\"robots\" content=\"index, follow, max-snippet:-1, max-image-preview:large, max-video-preview:-1\" \/>\n<link rel=\"canonical\" href=\"https:\/\/birthrightwestchester.org\/es\/como-ayudar\/\" \/>\n<meta property=\"og:locale\" content=\"es_ES\" \/>\n<meta property=\"og:type\" content=\"article\" \/>\n<meta property=\"og:title\" content=\"C\u00f3mo ayudar - Birthright of West Chester\" \/>\n<meta property=\"og:description\" content=\"Tanto si donas tu tiempo convirti\u00e9ndote en voluntario de Birthright como si haces una contribuci\u00f3n econ\u00f3mica a nuestra organizaci\u00f3n, el trabajo que hacemos y la ayuda que proporcionamos a las mujeres y a sus beb\u00e9s no ser\u00edan posibles sin la generosidad y la compasi\u00f3n de personas como t\u00fa. Gracias.\" \/>\n<meta property=\"og:url\" content=\"https:\/\/birthrightwestchester.org\/es\/como-ayudar\/\" \/>\n<meta property=\"og:site_name\" content=\"Birthright of West Chester\" \/>\n<meta property=\"article:modified_time\" content=\"2026-03-13T15:57:05+00:00\" \/>\n<meta name=\"twitter:card\" content=\"summary_large_image\" \/>\n<meta name=\"twitter:label1\" content=\"Est. reading time\" \/>\n\t<meta name=\"twitter:data1\" content=\"3 minutos\" \/>\n<!-- \/ Yoast SEO plugin. -->","yoast_head_json":{"title":"C\u00f3mo ayudar - Birthright of West Chester","robots":{"index":"index","follow":"follow","max-snippet":"max-snippet:-1","max-image-preview":"max-image-preview:large","max-video-preview":"max-video-preview:-1"},"canonical":"https:\/\/birthrightwestchester.org\/es\/como-ayudar\/","og_locale":"es_ES","og_type":"article","og_title":"C\u00f3mo ayudar - Birthright of West Chester","og_description":"Tanto si donas tu tiempo convirti\u00e9ndote en voluntario de Birthright como si haces una contribuci\u00f3n econ\u00f3mica a nuestra organizaci\u00f3n, el trabajo que hacemos y la ayuda que proporcionamos a las mujeres y a sus beb\u00e9s no ser\u00edan posibles sin la generosidad y la compasi\u00f3n de personas como t\u00fa. Gracias.","og_url":"https:\/\/birthrightwestchester.org\/es\/como-ayudar\/","og_site_name":"Birthright of West Chester","article_modified_time":"2026-03-13T15:57:05+00:00","twitter_card":"summary_large_image","twitter_misc":{"Est. reading time":"3 minutos"},"schema":{"@context":"https:\/\/schema.org","@graph":[{"@type":"WebPage","@id":"https:\/\/birthrightwestchester.org\/es\/como-ayudar\/","url":"https:\/\/birthrightwestchester.org\/es\/como-ayudar\/","name":"C\u00f3mo ayudar - Birthright of West Chester","isPartOf":{"@id":"https:\/\/birthrightwestchester.org\/es\/#website"},"datePublished":"2022-09-21T15:38:28+00:00","dateModified":"2026-03-13T15:57:05+00:00","breadcrumb":{"@id":"https:\/\/birthrightwestchester.org\/es\/como-ayudar\/#breadcrumb"},"inLanguage":"es","potentialAction":[{"@type":"ReadAction","target":["https:\/\/birthrightwestchester.org\/es\/como-ayudar\/"]}]},{"@type":"BreadcrumbList","@id":"https:\/\/birthrightwestchester.org\/es\/como-ayudar\/#breadcrumb","itemListElement":[{"@type":"ListItem","position":1,"name":"Home","item":"https:\/\/birthrightwestchester.org\/es\/"},{"@type":"ListItem","position":2,"name":"C\u00f3mo ayudar"}]},{"@type":"WebSite","@id":"https:\/\/birthrightwestchester.org\/es\/#website","url":"https:\/\/birthrightwestchester.org\/es\/","name":"Birthright of West Chester","description":"","potentialAction":[{"@type":"SearchAction","target":{"@type":"EntryPoint","urlTemplate":"https:\/\/birthrightwestchester.org\/es\/?s={search_term_string}"},"query-input":{"@type":"PropertyValueSpecification","valueRequired":true,"valueName":"search_term_string"}}],"inLanguage":"es"}]}},"_links":{"self":[{"href":"https:\/\/birthrightwestchester.org\/es\/wp-json\/wp\/v2\/pages\/525","targetHints":{"allow":["GET"]}}],"collection":[{"href":"https:\/\/birthrightwestchester.org\/es\/wp-json\/wp\/v2\/pages"}],"about":[{"href":"https:\/\/birthrightwestchester.org\/es\/wp-json\/wp\/v2\/types\/page"}],"author":[{"embeddable":true,"href":"https:\/\/birthrightwestchester.org\/es\/wp-json\/wp\/v2\/users\/2"}],"replies":[{"embeddable":true,"href":"https:\/\/birthrightwestchester.org\/es\/wp-json\/wp\/v2\/comments?post=525"}],"version-history":[{"count":8,"href":"https:\/\/birthrightwestchester.org\/es\/wp-json\/wp\/v2\/pages\/525\/revisions"}],"predecessor-version":[{"id":958,"href":"https:\/\/birthrightwestchester.org\/es\/wp-json\/wp\/v2\/pages\/525\/revisions\/958"}],"wp:attachment":[{"href":"https:\/\/birthrightwestchester.org\/es\/wp-json\/wp\/v2\/media?parent=525"}],"curies":[{"name":"wp","href":"https:\/\/api.w.org\/{rel}","templated":true}]}}