{"id":541,"date":"2020-06-05T07:23:27","date_gmt":"2020-06-05T07:23:27","guid":{"rendered":"https:\/\/birthrightwestchester.org\/servicios\/pruebas-de-embarazo\/"},"modified":"2022-11-24T09:06:27","modified_gmt":"2022-11-24T09:06:27","slug":"pruebas-de-embarazo","status":"publish","type":"page","link":"https:\/\/birthrightwestchester.org\/es\/servicios\/pruebas-de-embarazo\/","title":{"rendered":"Pruebas de embarazo"},"content":{"rendered":"&#13;\n<h2>How Do Pregnancy Tests Work?<\/h2>&#13;\n<p>La prueba de embarazo es sensible a una hormona llamada gonadotropina cori\u00f3nica humana o hCG. Esta hormona s\u00f3lo se produce durante el embarazo y es la que detectan las pruebas de embarazo en la orina. Si la hCG est\u00e1 presente, la prueba de embarazo ser\u00e1 positiva. Si no se detecta hCG, el resultado ser\u00e1 negativo.  <\/p>&#13;\n<h2>Why Do I Need To Test Again?\u00a0<\/h2>&#13;\n<p>Es importante confirmar las pruebas de embarazo caseras con una prueba de embarazo de calidad de laboratorio que ofrecemos gratuitamente en nuestro centro de recursos. A veces las pruebas de embarazo caseras pueden dar un resultado poco fiable debido a varios factores, como una prueba defectuosa, una prueba demasiado temprana o un error de administraci\u00f3n.  <\/p>&#13;\n<p>Nuestras pruebas de embarazo son realizadas y resultan por un miembro del personal capacitado aqu\u00ed en nuestra cl\u00ednica durante su cita, por lo que no hay necesidad de esperar para recibir las respuestas que est\u00e1 buscando.  <\/p>&#13;\n<h2>What Next?\u00a0<\/h2>&#13;\n<p>Una vez que conozcas tus resultados, podremos hablar de los pr\u00f3ximos pasos que puedes dar, y de lo que es adecuado para tu viaje \u00fanico. Ofrecemos asesoramiento gratuito sobre las opciones para que tenga toda la informaci\u00f3n que necesita para tomar una decisi\u00f3n informada de cara al futuro. Creemos que hay que darle conocimientos y recursos para que pueda tomar una decisi\u00f3n con la que est\u00e9 seguro de seguir adelante.  <\/p>&#13;\n<h2>Support You Can Trust<\/h2>&#13;\n<p>Sepa que cuando viene a nuestra oficina, viene a un espacio seguro &#8211; sin presi\u00f3n, sin juicio. Su defensor del cliente est\u00e1 aqu\u00ed, esperando escuchar cualquier preocupaci\u00f3n que pueda tener y responder a cualquier pregunta. Le administraremos la prueba de embarazo, nos sentaremos a hablar con usted y le daremos apoyo emocional mientras procesa el resultado de la prueba. Estamos aqu\u00ed para usted.  <\/p>&#13;\n","protected":false},"excerpt":{"rendered":"<p>\u00bfCrees que puedes estar embarazada? Tanto si se trata de un embarazo planificado como no planificado, hacerse una prueba de embarazo puede dar miedo. No tienes que hacerlo solo.<\/p>\n","protected":false},"author":1,"featured_media":0,"parent":533,"menu_order":1,"comment_status":"closed","ping_status":"closed","template":"","meta":{"_acf_changed":false,"footnotes":""},"class_list":["post-541","page","type-page","status-publish","hentry"],"acf":[],"yoast_head":"<!-- This site is optimized with the Yoast SEO plugin v27.4 - https:\/\/yoast.com\/product\/yoast-seo-wordpress\/ -->\n<title>Pruebas de embarazo - Birthright of West Chester<\/title>\n<meta name=\"robots\" content=\"index, follow, max-snippet:-1, max-image-preview:large, max-video-preview:-1\" \/>\n<link rel=\"canonical\" href=\"https:\/\/birthrightwestchester.org\/es\/servicios\/pruebas-de-embarazo\/\" \/>\n<meta property=\"og:locale\" content=\"es_ES\" \/>\n<meta property=\"og:type\" content=\"article\" \/>\n<meta property=\"og:title\" content=\"Pruebas de embarazo - Birthright of West Chester\" \/>\n<meta property=\"og:description\" content=\"\u00bfCrees que puedes estar embarazada? Tanto si se trata de un embarazo planificado como no planificado, hacerse una prueba de embarazo puede dar miedo. No tienes que hacerlo solo.\" \/>\n<meta property=\"og:url\" content=\"https:\/\/birthrightwestchester.org\/es\/servicios\/pruebas-de-embarazo\/\" \/>\n<meta property=\"og:site_name\" content=\"Birthright of West Chester\" \/>\n<meta property=\"article:modified_time\" content=\"2022-11-24T09:06:27+00:00\" \/>\n<meta name=\"twitter:card\" content=\"summary_large_image\" \/>\n<meta name=\"twitter:label1\" content=\"Est. reading time\" \/>\n\t<meta name=\"twitter:data1\" content=\"2 minutos\" \/>\n<!-- \/ Yoast SEO plugin. -->","yoast_head_json":{"title":"Pruebas de embarazo - Birthright of West Chester","robots":{"index":"index","follow":"follow","max-snippet":"max-snippet:-1","max-image-preview":"max-image-preview:large","max-video-preview":"max-video-preview:-1"},"canonical":"https:\/\/birthrightwestchester.org\/es\/servicios\/pruebas-de-embarazo\/","og_locale":"es_ES","og_type":"article","og_title":"Pruebas de embarazo - Birthright of West Chester","og_description":"\u00bfCrees que puedes estar embarazada? Tanto si se trata de un embarazo planificado como no planificado, hacerse una prueba de embarazo puede dar miedo. No tienes que hacerlo solo.","og_url":"https:\/\/birthrightwestchester.org\/es\/servicios\/pruebas-de-embarazo\/","og_site_name":"Birthright of West Chester","article_modified_time":"2022-11-24T09:06:27+00:00","twitter_card":"summary_large_image","twitter_misc":{"Est. reading time":"2 minutos"},"schema":{"@context":"https:\/\/schema.org","@graph":[{"@type":"WebPage","@id":"https:\/\/birthrightwestchester.org\/es\/servicios\/pruebas-de-embarazo\/","url":"https:\/\/birthrightwestchester.org\/es\/servicios\/pruebas-de-embarazo\/","name":"Pruebas de embarazo - Birthright of West Chester","isPartOf":{"@id":"https:\/\/birthrightwestchester.org\/es\/#website"},"datePublished":"2020-06-05T07:23:27+00:00","dateModified":"2022-11-24T09:06:27+00:00","breadcrumb":{"@id":"https:\/\/birthrightwestchester.org\/es\/servicios\/pruebas-de-embarazo\/#breadcrumb"},"inLanguage":"es","potentialAction":[{"@type":"ReadAction","target":["https:\/\/birthrightwestchester.org\/es\/servicios\/pruebas-de-embarazo\/"]}]},{"@type":"BreadcrumbList","@id":"https:\/\/birthrightwestchester.org\/es\/servicios\/pruebas-de-embarazo\/#breadcrumb","itemListElement":[{"@type":"ListItem","position":1,"name":"Home","item":"https:\/\/birthrightwestchester.org\/es\/"},{"@type":"ListItem","position":2,"name":"Servicios","item":"https:\/\/birthrightwestchester.org\/es\/servicios\/"},{"@type":"ListItem","position":3,"name":"Pruebas de embarazo"}]},{"@type":"WebSite","@id":"https:\/\/birthrightwestchester.org\/es\/#website","url":"https:\/\/birthrightwestchester.org\/es\/","name":"Birthright of West Chester","description":"","potentialAction":[{"@type":"SearchAction","target":{"@type":"EntryPoint","urlTemplate":"https:\/\/birthrightwestchester.org\/es\/?s={search_term_string}"},"query-input":{"@type":"PropertyValueSpecification","valueRequired":true,"valueName":"search_term_string"}}],"inLanguage":"es"}]}},"_links":{"self":[{"href":"https:\/\/birthrightwestchester.org\/es\/wp-json\/wp\/v2\/pages\/541","targetHints":{"allow":["GET"]}}],"collection":[{"href":"https:\/\/birthrightwestchester.org\/es\/wp-json\/wp\/v2\/pages"}],"about":[{"href":"https:\/\/birthrightwestchester.org\/es\/wp-json\/wp\/v2\/types\/page"}],"author":[{"embeddable":true,"href":"https:\/\/birthrightwestchester.org\/es\/wp-json\/wp\/v2\/users\/1"}],"replies":[{"embeddable":true,"href":"https:\/\/birthrightwestchester.org\/es\/wp-json\/wp\/v2\/comments?post=541"}],"version-history":[{"count":0,"href":"https:\/\/birthrightwestchester.org\/es\/wp-json\/wp\/v2\/pages\/541\/revisions"}],"up":[{"embeddable":true,"href":"https:\/\/birthrightwestchester.org\/es\/wp-json\/wp\/v2\/pages\/533"}],"wp:attachment":[{"href":"https:\/\/birthrightwestchester.org\/es\/wp-json\/wp\/v2\/media?parent=541"}],"curies":[{"name":"wp","href":"https:\/\/api.w.org\/{rel}","templated":true}]}}