{"id":547,"date":"2022-09-20T17:29:22","date_gmt":"2022-09-20T17:29:22","guid":{"rendered":"https:\/\/birthrightwestchester.org\/servicios\/asesoramiento-de-opciones\/"},"modified":"2022-11-24T09:06:27","modified_gmt":"2022-11-24T09:06:27","slug":"asesoramiento-de-opciones","status":"publish","type":"page","link":"https:\/\/birthrightwestchester.org\/es\/servicios\/asesoramiento-de-opciones\/","title":{"rendered":"Asesoramiento de opciones"},"content":{"rendered":"<p>A veces, cuando nos enfrentamos a nuevas circunstancias, especialmente las que pueden ser inesperadas, puede ser un reto saber cu\u00e1l es la opci\u00f3n correcta. Por eso es tan importante no precipitarse en una decisi\u00f3n hasta tener todos los datos. Una decisi\u00f3n apresurada podr\u00eda dejarle con un arrepentimiento o con un &#8220;y si&#8221; sin respuesta. Te mereces m\u00e1s.<\/p>\n<p>Aqu\u00ed, en Birthright of West Chester, estamos aqu\u00ed para capacitarle con el conocimiento y la comprensi\u00f3n, mientras que proporciona apoyo y compasi\u00f3n. Estamos aqu\u00ed para ofrecerle una mano amiga, una sonrisa acogedora y los recursos necesarios para que se sienta seguro de su decisi\u00f3n.<\/p>\n<h2>\u00bfQu\u00e9 es el asesoramiento sobre opciones?<\/h2>\n<p>El asesoramiento sobre opciones es un servicio gratuito que ofrecemos a las mujeres que se enfrentan a un embarazo no planificado y que buscan respuestas sobre el camino a seguir. Uno de nuestros defensores de los clientes se sentar\u00e1 con usted, le explicar\u00e1 las opciones que tiene a su disposici\u00f3n y le explicar\u00e1 c\u00f3mo es su situaci\u00f3n. Hablaremos de c\u00f3mo es cada opci\u00f3n y de cu\u00e1l puede ser la m\u00e1s adecuada para ti, tu vida y tus objetivos futuros. Se le proporcionar\u00e1 comodidad y apoyo mientras sopesa sus opciones y toma la decisi\u00f3n m\u00e1s adecuada para usted. Nuestro centro es una zona libre de juicios; creemos que las mujeres son fuertes, valientes y no tienen l\u00edmites. T\u00fa eres valioso y tu historia es importante. No est\u00e1s solo, estamos ah\u00ed para ti<\/p>\n<h2>\u00bfCu\u00e1les son mis opciones?<\/h2>\n<p>Una vez confirmado el embarazo, las mujeres se enfrentan a tres opciones: la crianza, la adopci\u00f3n o el aborto. Es fundamental considerar el impacto que tendr\u00e1 cada opci\u00f3n en ti, en tu bienestar y en tu felicidad. Creemos que hay un camino que no est\u00e1 plagado de alivio o felicidad, sino que abarca ambos. Tu futuro a\u00fan tiene mucha belleza escrita en \u00e9l, y estamos aqu\u00ed para asegurarnos de que alcanzas cada objetivo. Le guiaremos a trav\u00e9s de sus opciones y de lo que podr\u00eda encajar mejor en su vida.<\/p>\n","protected":false},"excerpt":{"rendered":"<p>A veces, cuando nos enfrentamos a nuevas circunstancias, especialmente las que pueden ser inesperadas, puede ser un reto saber cu\u00e1l es la opci\u00f3n correcta. Por eso es tan importante no precipitarse en una decisi\u00f3n hasta tener todos los datos. Una decisi\u00f3n apresurada podr\u00eda dejarle con un arrepentimiento o con un &#8220;y si&#8221; sin respuesta. Te mereces m\u00e1s.<\/p>\n","protected":false},"author":2,"featured_media":0,"parent":533,"menu_order":0,"comment_status":"closed","ping_status":"closed","template":"","meta":{"_acf_changed":false,"footnotes":""},"class_list":["post-547","page","type-page","status-publish","hentry"],"acf":[],"yoast_head":"<!-- This site is optimized with the Yoast SEO plugin v27.4 - https:\/\/yoast.com\/product\/yoast-seo-wordpress\/ -->\n<title>Asesoramiento de opciones - Birthright of West Chester<\/title>\n<meta name=\"robots\" content=\"index, follow, max-snippet:-1, max-image-preview:large, max-video-preview:-1\" \/>\n<link rel=\"canonical\" href=\"https:\/\/birthrightwestchester.org\/es\/servicios\/asesoramiento-de-opciones\/\" \/>\n<meta property=\"og:locale\" content=\"es_ES\" \/>\n<meta property=\"og:type\" content=\"article\" \/>\n<meta property=\"og:title\" content=\"Asesoramiento de opciones - Birthright of West Chester\" \/>\n<meta property=\"og:description\" content=\"A veces, cuando nos enfrentamos a nuevas circunstancias, especialmente las que pueden ser inesperadas, puede ser un reto saber cu\u00e1l es la opci\u00f3n correcta. Por eso es tan importante no precipitarse en una decisi\u00f3n hasta tener todos los datos. Una decisi\u00f3n apresurada podr\u00eda dejarle con un arrepentimiento o con un &quot;y si&quot; sin respuesta. Te mereces m\u00e1s.\" \/>\n<meta property=\"og:url\" content=\"https:\/\/birthrightwestchester.org\/es\/servicios\/asesoramiento-de-opciones\/\" \/>\n<meta property=\"og:site_name\" content=\"Birthright of West Chester\" \/>\n<meta property=\"article:modified_time\" content=\"2022-11-24T09:06:27+00:00\" \/>\n<meta name=\"twitter:card\" content=\"summary_large_image\" \/>\n<meta name=\"twitter:label1\" content=\"Est. reading time\" \/>\n\t<meta name=\"twitter:data1\" content=\"2 minutos\" \/>\n<!-- \/ Yoast SEO plugin. -->","yoast_head_json":{"title":"Asesoramiento de opciones - Birthright of West Chester","robots":{"index":"index","follow":"follow","max-snippet":"max-snippet:-1","max-image-preview":"max-image-preview:large","max-video-preview":"max-video-preview:-1"},"canonical":"https:\/\/birthrightwestchester.org\/es\/servicios\/asesoramiento-de-opciones\/","og_locale":"es_ES","og_type":"article","og_title":"Asesoramiento de opciones - Birthright of West Chester","og_description":"A veces, cuando nos enfrentamos a nuevas circunstancias, especialmente las que pueden ser inesperadas, puede ser un reto saber cu\u00e1l es la opci\u00f3n correcta. Por eso es tan importante no precipitarse en una decisi\u00f3n hasta tener todos los datos. Una decisi\u00f3n apresurada podr\u00eda dejarle con un arrepentimiento o con un \"y si\" sin respuesta. Te mereces m\u00e1s.","og_url":"https:\/\/birthrightwestchester.org\/es\/servicios\/asesoramiento-de-opciones\/","og_site_name":"Birthright of West Chester","article_modified_time":"2022-11-24T09:06:27+00:00","twitter_card":"summary_large_image","twitter_misc":{"Est. reading time":"2 minutos"},"schema":{"@context":"https:\/\/schema.org","@graph":[{"@type":"WebPage","@id":"https:\/\/birthrightwestchester.org\/es\/servicios\/asesoramiento-de-opciones\/","url":"https:\/\/birthrightwestchester.org\/es\/servicios\/asesoramiento-de-opciones\/","name":"Asesoramiento de opciones - Birthright of West Chester","isPartOf":{"@id":"https:\/\/birthrightwestchester.org\/es\/#website"},"datePublished":"2022-09-20T17:29:22+00:00","dateModified":"2022-11-24T09:06:27+00:00","breadcrumb":{"@id":"https:\/\/birthrightwestchester.org\/es\/servicios\/asesoramiento-de-opciones\/#breadcrumb"},"inLanguage":"es","potentialAction":[{"@type":"ReadAction","target":["https:\/\/birthrightwestchester.org\/es\/servicios\/asesoramiento-de-opciones\/"]}]},{"@type":"BreadcrumbList","@id":"https:\/\/birthrightwestchester.org\/es\/servicios\/asesoramiento-de-opciones\/#breadcrumb","itemListElement":[{"@type":"ListItem","position":1,"name":"Home","item":"https:\/\/birthrightwestchester.org\/es\/"},{"@type":"ListItem","position":2,"name":"Servicios","item":"https:\/\/birthrightwestchester.org\/es\/servicios\/"},{"@type":"ListItem","position":3,"name":"Asesoramiento de opciones"}]},{"@type":"WebSite","@id":"https:\/\/birthrightwestchester.org\/es\/#website","url":"https:\/\/birthrightwestchester.org\/es\/","name":"Birthright of West Chester","description":"","potentialAction":[{"@type":"SearchAction","target":{"@type":"EntryPoint","urlTemplate":"https:\/\/birthrightwestchester.org\/es\/?s={search_term_string}"},"query-input":{"@type":"PropertyValueSpecification","valueRequired":true,"valueName":"search_term_string"}}],"inLanguage":"es"}]}},"_links":{"self":[{"href":"https:\/\/birthrightwestchester.org\/es\/wp-json\/wp\/v2\/pages\/547","targetHints":{"allow":["GET"]}}],"collection":[{"href":"https:\/\/birthrightwestchester.org\/es\/wp-json\/wp\/v2\/pages"}],"about":[{"href":"https:\/\/birthrightwestchester.org\/es\/wp-json\/wp\/v2\/types\/page"}],"author":[{"embeddable":true,"href":"https:\/\/birthrightwestchester.org\/es\/wp-json\/wp\/v2\/users\/2"}],"replies":[{"embeddable":true,"href":"https:\/\/birthrightwestchester.org\/es\/wp-json\/wp\/v2\/comments?post=547"}],"version-history":[{"count":0,"href":"https:\/\/birthrightwestchester.org\/es\/wp-json\/wp\/v2\/pages\/547\/revisions"}],"up":[{"embeddable":true,"href":"https:\/\/birthrightwestchester.org\/es\/wp-json\/wp\/v2\/pages\/533"}],"wp:attachment":[{"href":"https:\/\/birthrightwestchester.org\/es\/wp-json\/wp\/v2\/media?parent=547"}],"curies":[{"name":"wp","href":"https:\/\/api.w.org\/{rel}","templated":true}]}}