{"id":551,"date":"2022-09-21T11:35:58","date_gmt":"2022-09-21T11:35:58","guid":{"rendered":"https:\/\/birthrightwestchester.org\/embarazada\/"},"modified":"2022-11-24T09:06:29","modified_gmt":"2022-11-24T09:06:29","slug":"embarazada","status":"publish","type":"page","link":"https:\/\/birthrightwestchester.org\/es\/embarazada\/","title":{"rendered":"\u00bfEmbarazada?"},"content":{"rendered":"<h2>\u00bfEst\u00e1 embarazada y no sabe qu\u00e9 hacer? No est\u00e1s solo.<\/h2>\n<p>Si te encuentras ante un embarazo no planificado, sabemos que puede resultar totalmente abrumador y aterrador. Puedes sentirte congelado por el miedo, sin saber cu\u00e1les son las respuestas y sin saber d\u00f3nde o a qui\u00e9n acudir. No pasa nada, porque estamos aqu\u00ed para usted.<\/p>\n<p>Estamos aqu\u00ed para responder a sus preguntas y ser su defensor, apoyo y amigo. Proporcionamos un entorno sin prejuicios en el que puede sentirse c\u00f3modo hablando de s\u00ed mismo y cont\u00e1ndonos sus objetivos. Queremos conocerte.<\/p>\n<p>Tenemos defensores del cliente que esperan escuchar su historia y comprender su situaci\u00f3n \u00fanica. Le ayudaremos a encontrar un nuevo camino que le proporcione el emocionante futuro que desea tener. Ofrecemos recursos gratuitos, como pruebas de embarazo sin coste, educaci\u00f3n y apoyo material y emocional. Somos una comunidad que te rodear\u00e1 y estar\u00e1 ah\u00ed en cada paso del camino. Este es tu viaje, tu historia, tu elecci\u00f3n. Sencillamente, le damos todos los recursos para que supere cualquier objetivo y expectativa, y se eleve.<\/p>\n<p>Aqu\u00ed, en Birthright, le ayudamos a navegar por aguas desconocidas, a encontrar las respuestas y a obtener los recursos. Pero, sobre todo, encontrar\u00e1 el apoyo compasivo y la atenci\u00f3n que realmente merece. Nadie deber\u00eda enfrentarse a un embarazo sola, asustada o avergonzada. As\u00ed que levanta la cara y lev\u00e1ntate. Estamos aqu\u00ed para decirte que est\u00e1s llamado a la grandeza, creado para cosas hermosas. No habr\u00e1 quien te detenga.<\/p>\n<h2>\u00bfPor d\u00f3nde empiezo?<\/h2>\n<p>Empiece pidiendo una cita, y tambi\u00e9n son bienvenidas las visitas sin cita previa. No es necesario tener seguro, y cada cita es gratuita y confidencial. Si quieres traer a un invitado como apoyo, tambi\u00e9n es bienvenido. Estamos muy contentos de conocerte y no hace falta preparar nada para tu cita. Venga tal como es, y v\u00e1yase sinti\u00e9ndose fortalecido.<\/p>\n","protected":false},"excerpt":{"rendered":"<p>\u00bfEst\u00e1 embarazada y no sabe qu\u00e9 hacer? No est\u00e1s solo. Si te encuentras ante un embarazo no planificado, sabemos que puede resultar totalmente abrumador y aterrador. Puedes sentirte congelado por el miedo, sin saber cu\u00e1les son las respuestas y sin saber d\u00f3nde o a qui\u00e9n acudir. No pasa nada, porque estamos aqu\u00ed para usted. Estamos<\/p>\n","protected":false},"author":2,"featured_media":0,"parent":0,"menu_order":0,"comment_status":"closed","ping_status":"closed","template":"","meta":{"_acf_changed":false,"footnotes":""},"class_list":["post-551","page","type-page","status-publish","hentry"],"acf":[],"yoast_head":"<!-- This site is optimized with the Yoast SEO plugin v27.4 - https:\/\/yoast.com\/product\/yoast-seo-wordpress\/ -->\n<title>\u00bfEmbarazada? - Birthright of West Chester<\/title>\n<meta name=\"robots\" content=\"index, follow, max-snippet:-1, max-image-preview:large, max-video-preview:-1\" \/>\n<link rel=\"canonical\" href=\"https:\/\/birthrightwestchester.org\/es\/embarazada\/\" \/>\n<meta property=\"og:locale\" content=\"es_ES\" \/>\n<meta property=\"og:type\" content=\"article\" \/>\n<meta property=\"og:title\" content=\"\u00bfEmbarazada? - Birthright of West Chester\" \/>\n<meta property=\"og:description\" content=\"\u00bfEst\u00e1 embarazada y no sabe qu\u00e9 hacer? No est\u00e1s solo. Si te encuentras ante un embarazo no planificado, sabemos que puede resultar totalmente abrumador y aterrador. Puedes sentirte congelado por el miedo, sin saber cu\u00e1les son las respuestas y sin saber d\u00f3nde o a qui\u00e9n acudir. No pasa nada, porque estamos aqu\u00ed para usted. Estamos\" \/>\n<meta property=\"og:url\" content=\"https:\/\/birthrightwestchester.org\/es\/embarazada\/\" \/>\n<meta property=\"og:site_name\" content=\"Birthright of West Chester\" \/>\n<meta property=\"article:modified_time\" content=\"2022-11-24T09:06:29+00:00\" \/>\n<meta name=\"twitter:card\" content=\"summary_large_image\" \/>\n<meta name=\"twitter:label1\" content=\"Est. reading time\" \/>\n\t<meta name=\"twitter:data1\" content=\"2 minutos\" \/>\n<!-- \/ Yoast SEO plugin. -->","yoast_head_json":{"title":"\u00bfEmbarazada? - Birthright of West Chester","robots":{"index":"index","follow":"follow","max-snippet":"max-snippet:-1","max-image-preview":"max-image-preview:large","max-video-preview":"max-video-preview:-1"},"canonical":"https:\/\/birthrightwestchester.org\/es\/embarazada\/","og_locale":"es_ES","og_type":"article","og_title":"\u00bfEmbarazada? - Birthright of West Chester","og_description":"\u00bfEst\u00e1 embarazada y no sabe qu\u00e9 hacer? No est\u00e1s solo. Si te encuentras ante un embarazo no planificado, sabemos que puede resultar totalmente abrumador y aterrador. Puedes sentirte congelado por el miedo, sin saber cu\u00e1les son las respuestas y sin saber d\u00f3nde o a qui\u00e9n acudir. No pasa nada, porque estamos aqu\u00ed para usted. Estamos","og_url":"https:\/\/birthrightwestchester.org\/es\/embarazada\/","og_site_name":"Birthright of West Chester","article_modified_time":"2022-11-24T09:06:29+00:00","twitter_card":"summary_large_image","twitter_misc":{"Est. reading time":"2 minutos"},"schema":{"@context":"https:\/\/schema.org","@graph":[{"@type":"WebPage","@id":"https:\/\/birthrightwestchester.org\/es\/embarazada\/","url":"https:\/\/birthrightwestchester.org\/es\/embarazada\/","name":"\u00bfEmbarazada? - Birthright of West Chester","isPartOf":{"@id":"https:\/\/birthrightwestchester.org\/es\/#website"},"datePublished":"2022-09-21T11:35:58+00:00","dateModified":"2022-11-24T09:06:29+00:00","breadcrumb":{"@id":"https:\/\/birthrightwestchester.org\/es\/embarazada\/#breadcrumb"},"inLanguage":"es","potentialAction":[{"@type":"ReadAction","target":["https:\/\/birthrightwestchester.org\/es\/embarazada\/"]}]},{"@type":"BreadcrumbList","@id":"https:\/\/birthrightwestchester.org\/es\/embarazada\/#breadcrumb","itemListElement":[{"@type":"ListItem","position":1,"name":"Home","item":"https:\/\/birthrightwestchester.org\/es\/"},{"@type":"ListItem","position":2,"name":"\u00bfEmbarazada?"}]},{"@type":"WebSite","@id":"https:\/\/birthrightwestchester.org\/es\/#website","url":"https:\/\/birthrightwestchester.org\/es\/","name":"Birthright of West Chester","description":"","potentialAction":[{"@type":"SearchAction","target":{"@type":"EntryPoint","urlTemplate":"https:\/\/birthrightwestchester.org\/es\/?s={search_term_string}"},"query-input":{"@type":"PropertyValueSpecification","valueRequired":true,"valueName":"search_term_string"}}],"inLanguage":"es"}]}},"_links":{"self":[{"href":"https:\/\/birthrightwestchester.org\/es\/wp-json\/wp\/v2\/pages\/551","targetHints":{"allow":["GET"]}}],"collection":[{"href":"https:\/\/birthrightwestchester.org\/es\/wp-json\/wp\/v2\/pages"}],"about":[{"href":"https:\/\/birthrightwestchester.org\/es\/wp-json\/wp\/v2\/types\/page"}],"author":[{"embeddable":true,"href":"https:\/\/birthrightwestchester.org\/es\/wp-json\/wp\/v2\/users\/2"}],"replies":[{"embeddable":true,"href":"https:\/\/birthrightwestchester.org\/es\/wp-json\/wp\/v2\/comments?post=551"}],"version-history":[{"count":0,"href":"https:\/\/birthrightwestchester.org\/es\/wp-json\/wp\/v2\/pages\/551\/revisions"}],"wp:attachment":[{"href":"https:\/\/birthrightwestchester.org\/es\/wp-json\/wp\/v2\/media?parent=551"}],"curies":[{"name":"wp","href":"https:\/\/api.w.org\/{rel}","templated":true}]}}